{"id":5014,"date":"2024-03-20T14:59:28","date_gmt":"2024-03-20T06:59:28","guid":{"rendered":"https:\/\/fychemgroup.com\/?post_type=product&#038;p=5014"},"modified":"2025-06-06T09:53:15","modified_gmt":"2025-06-06T01:53:15","slug":"jasmine-scented-candle","status":"publish","type":"product","link":"https:\/\/fychemgroup.com\/pt\/jasmine-scented-candle\/","title":{"rendered":"Fragr\u00e2ncia de vela perfumada de jasmim"},"content":{"rendered":"<p>&nbsp;<\/p>\n<h2 style=\"text-align: center;\">\ud83c\udf38 Jasmine Scented Candle Fragrance<\/h2>\n<p style=\"text-align: center;\"><strong>Soft. Elegant. Everlasting Jasmine<\/strong><\/p>\n<hr \/>\n<h3 style=\"text-align: center;\">\ud83d\udd6f\ufe0f A Fragrance Beyond Scent \u2013 It\u2019s a Way of Life<\/h3>\n<p>In the gentle flicker of candlelight, a hint of jasmine rises, calming the air and soothing the soul. Specially crafted for scented candles, our <strong>Fragr\u00e2ncia de vela perfumada de jasmim<\/strong> captures the timeless beauty of jasmine in a refined fragrance oil\u2014long-lasting, consistent, and true to nature.<\/p>\n<hr \/>\n<h3 style=\"text-align: center;\">\ud83c\udf3f Why Fragrance Oil Instead of Essential Oil?<\/h3>\n<p>Compared to natural extracts, fragrance oils are the superior choice in scented candle production\u2014for both creative freedom and product reliability:<\/p>\n<table>\n<thead>\n<tr>\n<th>Benefit<\/th>\n<th>Jasmine Fragrance Oil<\/th>\n<th>Natural Extracts (e.g. Jasmine Absolute)<\/th>\n<\/tr>\n<\/thead>\n<tbody>\n<tr>\n<td style=\"text-align: center;\">Custo e fornecimento<\/td>\n<td style=\"text-align: center;\">\u2705 Stable, cost-effective<\/td>\n<td style=\"text-align: center;\">\u274c Pricey, season-dependent<\/td>\n<\/tr>\n<tr>\n<td style=\"text-align: center;\">Consist\u00eancia<\/td>\n<td style=\"text-align: center;\">\u2705 Uniform across batches<\/td>\n<td style=\"text-align: center;\">\u274c Scent varies by origin &amp; harvest<\/td>\n<\/tr>\n<tr>\n<td style=\"text-align: center;\">Estabilidade t\u00e9rmica<\/td>\n<td style=\"text-align: center;\">\u2705 Resists high temps<\/td>\n<td style=\"text-align: center;\">\u274c Easily degraded by heat<\/td>\n<\/tr>\n<tr>\n<td style=\"text-align: center;\">Scent Throw<\/td>\n<td style=\"text-align: center;\">\u2705 Strong, long-lasting<\/td>\n<td style=\"text-align: center;\">\u274c Light and short-lived scent<\/td>\n<\/tr>\n<tr>\n<td style=\"text-align: center;\">Creative Flexibility<\/td>\n<td style=\"text-align: center;\">\u2705 Customizable blends<\/td>\n<td style=\"text-align: center;\">\u274c Limited composition options<\/td>\n<\/tr>\n<\/tbody>\n<\/table>\n<p><strong>Our fragrance oil ensures consistency, performance, and freedom to design your own signature scent.<\/strong><\/p>\n<p><img fetchpriority=\"high\" decoding=\"async\" class=\"alignnone wp-image-8466 size-full\" src=\"https:\/\/fychemgroup.com\/wp-content\/uploads\/2024\/03\/Candle-Fragrance-1.png\" alt=\"Candle-Fragrance\" width=\"2048\" height=\"1152\" srcset=\"https:\/\/fychemgroup.com\/wp-content\/uploads\/2024\/03\/Candle-Fragrance-1.png 2048w, https:\/\/fychemgroup.com\/wp-content\/uploads\/2024\/03\/Candle-Fragrance-1-300x169.png 300w, https:\/\/fychemgroup.com\/wp-content\/uploads\/2024\/03\/Candle-Fragrance-1-1024x576.png 1024w, https:\/\/fychemgroup.com\/wp-content\/uploads\/2024\/03\/Candle-Fragrance-1-768x432.png 768w, https:\/\/fychemgroup.com\/wp-content\/uploads\/2024\/03\/Candle-Fragrance-1-1536x864.png 1536w, https:\/\/fychemgroup.com\/wp-content\/uploads\/2024\/03\/Candle-Fragrance-1-700x394.png 700w\" sizes=\"(max-width: 2048px) 100vw, 2048px\" \/><\/p>\n<hr \/>\n<h3>\ud83c\udf38 Scent Profile | Layers of Jasmine<\/h3>\n<blockquote><p>A soft bloom unfolding\u2014fresh, floral, and quietly seductive.<\/p><\/blockquote>\n<h4>\ud83d\udcab Top Notes: Green Leaves \u00b7 Lemon \u00b7 Neroli<\/h4>\n<p>A light, leafy freshness reminiscent of dewy mornings.<\/p>\n<h4>\ud83c\udf3c Heart Notes: Jasmine \u00b7 White Tea \u00b7 Tuberose<\/h4>\n<p>The soul of the fragrance\u2014lush, feminine, and deeply romantic.<\/p>\n<h4>\ud83c\udf19 Base Notes: Musk \u00b7 Amber \u00b7 Soft Woods<\/h4>\n<p>A lingering warmth that grounds the floral notes with calm and comfort.<\/p>\n<hr \/>\n<h3>\ud83d\udd2c Scientifically Balanced for Stability<\/h3>\n<ul>\n<li>\ud83d\udd25 <strong>Compatible with All Wax Types<\/strong>: Soy, coconut, beeswax, paraffin &amp; more<\/li>\n<li>\ud83c\udf21\ufe0f <strong>High-Temp Resistant<\/strong>: Won\u2019t distort or burn off when lit<\/li>\n<li>\ud83c\udf2c\ufe0f <strong>Even Fragrance Distribution<\/strong>: Balanced scent throw from first burn to last<\/li>\n<li>\u2705 <strong>Batch-to-Batch Consistency<\/strong>: Every candle smells just as perfect as the last<\/li>\n<\/ul>\n<hr \/>\n<h3 style=\"text-align: center;\">\ud83e\uddea Product Details<\/h3>\n<table>\n<thead>\n<tr>\n<th>Item<\/th>\n<th>Descri\u00e7\u00e3o<\/th>\n<\/tr>\n<\/thead>\n<tbody>\n<tr>\n<td style=\"text-align: center;\">Name<\/td>\n<td style=\"text-align: center;\">Fragr\u00e2ncia de vela perfumada de jasmim<\/td>\n<\/tr>\n<tr>\n<td style=\"text-align: center;\">Tipo<\/td>\n<td style=\"text-align: center;\">Premium fragrance oil (not essential oil)<\/td>\n<\/tr>\n<tr>\n<td style=\"text-align: center;\">Recommended Load<\/td>\n<td style=\"text-align: center;\">6% \u2013 10% (depends on wax base)<\/td>\n<\/tr>\n<tr>\n<td style=\"text-align: center;\">Applications<\/td>\n<td style=\"text-align: center;\">Scented candles, aroma stones, sachets, wax melts, diffusers<\/td>\n<\/tr>\n<tr>\n<td style=\"text-align: center;\">Packaging<\/td>\n<td style=\"text-align: center;\">Custom bulk options available, OEM\/ODM supported<\/td>\n<\/tr>\n<tr>\n<td style=\"text-align: center;\">Conformidade<\/td>\n<td style=\"text-align: center;\">IFRA-compliant, phthalate-free, vegan-friendly<\/td>\n<\/tr>\n<\/tbody>\n<\/table>\n<hr \/>\n<h3 style=\"text-align: center;\">\ud83c\udf0f Versatile for Every Setting<\/h3>\n<ul>\n<li>\ud83d\udecb\ufe0f <strong>Fragr\u00e2ncia para casa<\/strong>: Bedrooms, living rooms, bathrooms<\/li>\n<li>\ud83e\uddd8 <strong>Wellness &amp; Meditation<\/strong>: Calm, grounding ambiance for reflection<\/li>\n<li>\ud83c\udf81 <strong>Gifting<\/strong>: Ideal for seasonal sets, luxury packaging &amp; bespoke brands<\/li>\n<\/ul>\n<hr \/>\n<h3 style=\"text-align: center;\">\ud83d\udcac Our Philosophy<\/h3>\n<blockquote><p>\u201cFragrance isn&#8217;t just a scent\u2014it\u2019s a feeling, a memory, a signature.<br \/>\nJasmine embodies serenity and grace, and this fragrance oil lets it linger beautifully.\u201d<\/p><\/blockquote>\n<hr \/>\n<h3 style=\"text-align: center;\">\ud83d\udce9 Samples &amp; Business Inquiries<\/h3>\n<p>Are you a candle brand, artisan studio, or fragrance designer? We&#8217;d love to collaborate. Contact us for samples, technical specs, or custom fragrance development.<\/p>\n<p>\ud83d\udcde Phone: +86-181-0271-1119<\/p>\n<hr \/>\n<p>&nbsp;<\/p>\n<h2 style=\"text-align: center;\">Suporte profissional<\/h2>\n<p style=\"text-align: center;\">Fornecemos documenta\u00e7\u00e3o completa, incluindo TDS, SDS e sugest\u00f5es de combina\u00e7\u00e3o de fragr\u00e2ncias.<br \/>\nPersonaliza\u00e7\u00e3o OEM\/ODM dispon\u00edvel. Entre em contato conosco abaixo para obter amostras ou mais detalhes.<\/p>\n<p style=\"text-align: center;\"><img decoding=\"async\" class=\"size-large wp-image-8838 aligncenter\" src=\"https:\/\/fychemgroup.com\/wp-content\/uploads\/2024\/03\/Fragrance-samples-2-1024x683.png\" alt=\"Amostras de fragr\u00e2ncias\" width=\"1024\" height=\"683\" srcset=\"https:\/\/fychemgroup.com\/wp-content\/uploads\/2024\/03\/Fragrance-samples-2-1024x683.png 1024w, https:\/\/fychemgroup.com\/wp-content\/uploads\/2024\/03\/Fragrance-samples-2-300x200.png 300w, https:\/\/fychemgroup.com\/wp-content\/uploads\/2024\/03\/Fragrance-samples-2-768x512.png 768w, https:\/\/fychemgroup.com\/wp-content\/uploads\/2024\/03\/Fragrance-samples-2-700x467.png 700w, https:\/\/fychemgroup.com\/wp-content\/uploads\/2024\/03\/Fragrance-samples-2.png 1536w\" sizes=\"(max-width: 1024px) 100vw, 1024px\" \/><\/p>\n<hr \/>\n<p>&nbsp;<\/p>\n<h2 style=\"text-align: center;\">1. Estrutura de pre\u00e7os do produto<\/h2>\n<p style=\"text-align: center;\">Oferecemos solu\u00e7\u00f5es de produtos em v\u00e1rias camadas para cada perfil de fragr\u00e2ncia, com faixas de pre\u00e7o de $7 a $120\/kg (com base no pre\u00e7o padr\u00e3o de 2023). As varia\u00e7\u00f5es de pre\u00e7o refletem:<\/p>\n<p style=\"text-align: center;\">Sele\u00e7\u00e3o de especifica\u00e7\u00f5es:<\/p>\n<p style=\"text-align: center;\">Embalagem b\u00e1sica: 10 kg\/barril (adequado para testes de amostras e compra de pequenos lotes)<\/p>\n<p style=\"text-align: center;\">Embalagem padr\u00e3o: 25 kg\/barril (especifica\u00e7\u00e3o recomendada para produ\u00e7\u00e3o convencional)<\/p>\n<p style=\"text-align: center;\">Embalagem econ\u00f4mica: 200 kg\/barril IBC (pode aproveitar o desconto do segundo n\u00edvel de pre\u00e7os escalonados)<\/p>\n<p style=\"text-align: center;\">Compra a granel: 1 tonelada\/lote (use solu\u00e7\u00f5es personalizadas de armazenamento e transporte para aproveitar o melhor pre\u00e7o unit\u00e1rio)<\/p>\n<p style=\"text-align: center;\">- Classes de mat\u00e9ria-prima (extratos naturais\/sint\u00e9ticos de grau aliment\u00edcio\/ingredientes de grau farmac\u00eautico)<br \/>\n- Gradientes de concentra\u00e7\u00e3o (pot\u00eancia ajust\u00e1vel 3%-98%)<br \/>\n- Custos de personaliza\u00e7\u00e3o (modifica\u00e7\u00f5es de f\u00f3rmula OEM cobradas separadamente)<br \/>\n- Descontos por volume (pre\u00e7os diferenciados para pedidos de mais de 100 kg)<br \/>\nRecomenda-se que os clientes especifiquem os cen\u00e1rios de aplica\u00e7\u00e3o (aditivos alimentares\/cosm\u00e9ticos\/uso industrial) para obter recomenda\u00e7\u00f5es ideais de modelos de custo-desempenho.<img decoding=\"async\" class=\"alignnone size-full wp-image-8908\" src=\"https:\/\/fychemgroup.com\/wp-content\/uploads\/2024\/03\/Shipping-Specifications-Barrel.png\" alt=\"Especifica\u00e7\u00f5es de remessa Barril\" width=\"1024\" height=\"1024\" srcset=\"https:\/\/fychemgroup.com\/wp-content\/uploads\/2024\/03\/Shipping-Specifications-Barrel.png 1024w, https:\/\/fychemgroup.com\/wp-content\/uploads\/2024\/03\/Shipping-Specifications-Barrel-300x300.png 300w, https:\/\/fychemgroup.com\/wp-content\/uploads\/2024\/03\/Shipping-Specifications-Barrel-150x150.png 150w, https:\/\/fychemgroup.com\/wp-content\/uploads\/2024\/03\/Shipping-Specifications-Barrel-768x768.png 768w, https:\/\/fychemgroup.com\/wp-content\/uploads\/2024\/03\/Shipping-Specifications-Barrel-800x800.png 800w, https:\/\/fychemgroup.com\/wp-content\/uploads\/2024\/03\/Shipping-Specifications-Barrel-700x700.png 700w, https:\/\/fychemgroup.com\/wp-content\/uploads\/2024\/03\/Shipping-Specifications-Barrel-100x100.png 100w\" sizes=\"(max-width: 1024px) 100vw, 1024px\" \/><\/p>\n<h2 style=\"text-align: center;\">**2. Servi\u00e7os de sele\u00e7\u00e3o e matriz de fragr\u00e2ncias**<\/h2>\n<p style=\"text-align: center;\">Nosso banco de dados de fragr\u00e2ncias l\u00edder do setor inclui:<br \/>\n- Categorias principais: 12 grupos olfativos (frutado\/floral\/amadeirado\/oriental\/gourmand, etc.)<br \/>\n- Misturas compostas: mais de 200 acordes exclusivos (por exemplo, fus\u00e3o de Citrus e Cedro)<br \/>\n- Conformidade regional: F\u00f3rmulas que atendem aos padr\u00f5es IFRA da UE, GB 2760 da China e outros padr\u00f5es regulat\u00f3rios<br \/>\nServi\u00e7os de sele\u00e7\u00e3o tridimensional:<br \/>\n\u2460 An\u00e1lise gratuita do espectro da fragr\u00e2ncia<br \/>\n\u2461 Teste de compatibilidade com aplicativos espec\u00edficos<br \/>\n\u2462 Verifica\u00e7\u00e3o de pr\u00e9-conformidade regulat\u00f3ria<\/p>\n<h2 style=\"text-align: center;\">**3. Exemplo de protocolo de servi\u00e7o**<\/h2>\n<p style=\"text-align: center;\">Programa de amostragem em tr\u00eas fases:<br \/>\n1) Amostras preliminares: Amostras padr\u00e3o gratuitas de 5 ml (m\u00e1ximo de 3 variantes)<br \/>\n2) Testes avan\u00e7ados: Amostras de f\u00f3rmulas personalizadas ($20\/custo de material por variante)<br \/>\n3) Valida\u00e7\u00e3o de pr\u00e9-produ\u00e7\u00e3o: Amostras t\u00e9cnicas de 1 kg (dedut\u00edveis de pedidos futuros)<br \/>\n*Entrega global via DHL\/FedEx Priority (3 a 7 dias \u00fateis)*.<\/p>\n<h2 style=\"text-align: center;\">**4. Solu\u00e7\u00f5es de log\u00edstica global**<\/h2>\n<p style=\"text-align: center;\">A integra\u00e7\u00e3o log\u00edstica digitalizada com a Maersk\/DHL garante:<br \/>\n- Calculadora de frete em tempo real: Cota\u00e7\u00f5es instant\u00e2neas por CEP de destino<br \/>\n- Remessa multimodal:<br \/>\n\u221a Frete mar\u00edtimo LCL (m\u00ednimo de 20 kg ou mais, op\u00e7\u00e3o econ\u00f4mica)<br \/>\n\u221a Frete a\u00e9reo expresso (espa\u00e7o priorit\u00e1rio para pedidos com mais de 100 kg)<br \/>\n\u221a International Express (servi\u00e7o emergencial de 72 horas)<br \/>\n- Desembara\u00e7o alfandeg\u00e1rio inteligente: Suporte completo \u00e0 declara\u00e7\u00e3o de c\u00f3digo HS<\/p>\n<h2 style=\"text-align: center;\">**5. Especifica\u00e7\u00f5es dos termos comerciais**<\/h2>\n<p style=\"text-align: center;\">Conformidade abrangente com o Incoterms\u00ae 2020:<br \/>\n\u25b7 EXW (Ex-Works): Retirada do cliente no dep\u00f3sito alfandegado de Guangzhou<br \/>\n\u25b7 FOB (Porto de Guangzhou): Inclui log\u00edstica dom\u00e9stica e desembara\u00e7o alfandeg\u00e1rio<br \/>\n\u25b7 CIF (porto de destino): 110% valor da carga cobertura de seguro mar\u00edtimo<br \/>\n\u25b7 DDP (Delivered Duty Paid): Inclui IVA e tarifas de destino<br \/>\n\u25b7 FCA (Free Carrier): Transfer\u00eancia de carga em terminais designados<\/p>\n<h2 style=\"text-align: center;\">**6. Solu\u00e7\u00f5es financeiras e de pagamento**<\/h2>\n<p style=\"text-align: center;\">Recursos do ecossistema de transa\u00e7\u00f5es seguras:<br \/>\nMoedas de liquida\u00e7\u00e3o:<br \/>\n- USD (T\/T, L\/C)<br \/>\n- CNY (sistema CIPS transfronteiri\u00e7o)<br \/>\nM\u00e9todos de pagamento:<br \/>\n\u221a Transfer\u00eancia banc\u00e1ria: Contas de garantia do HSBC\/CITIC Bank<br \/>\n\u221a Pagamento eletr\u00f4nico: PayPal Business (aplica-se a taxa de servi\u00e7o de 3,5%)<br \/>\n\u221a Western Union: transfer\u00eancia instant\u00e2nea em 15 minutos<\/p>","protected":false},"excerpt":{"rendered":"<p>Fragr\u00e2ncia de vela perfumada de jasmim<\/p>\n<p>Forma: l\u00edquida<br \/>\nPrazo de validade: 2 anos<br \/>\nGrau: Fragr\u00e2ncia di\u00e1ria<br \/>\nCertifica\u00e7\u00e3o: ISO HACCP HALAL Ect<\/p>\n<p>Sele\u00e7\u00e3o de especifica\u00e7\u00f5es:<br \/>\nEmbalagem b\u00e1sica: 10 kg\/barril (adequado para testes de amostras e compras de pequenos lotes)<br \/>\nEmbalagem padr\u00e3o: 25 kg\/barril (especifica\u00e7\u00f5es recomendadas para produ\u00e7\u00e3o convencional)<br \/>\nEmbalagem econ\u00f4mica: 200 kg\/barril IBC (pode aproveitar o desconto do segundo n\u00edvel de pre\u00e7os escalonados)<br \/>\nCompra a granel: 1 tonelada\/lote (use solu\u00e7\u00f5es personalizadas de armazenamento e transporte para aproveitar o melhor pre\u00e7o unit\u00e1rio)<\/p>\n<style id=\"wpforms-css-vars-7722\">\n\t\t\t\t#wpforms-7722 {<\/p>\n<p>\t\t\t}\n\t\t\t<\/style>\n<div class=\"wpforms-container wpforms-container-full wpforms-render-modern\" id=\"wpforms-7722\">\n<form id=\"wpforms-form-7722\" class=\"wpforms-validate wpforms-form wpforms-ajax-form\" data-formid=\"7722\" method=\"post\" enctype=\"multipart\/form-data\" action=\"\/pt\/wp-json\/wp\/v2\/product\/5014\" data-token=\"ae0856f5f1b379ee6290242427178366\" data-token-time=\"1776411045\" data-trp-original-action=\"\/pt\/wp-json\/wp\/v2\/product\/5014\"><noscript class=\"wpforms-error-noscript\">Ative o JavaScript em seu navegador para preencher este formul\u00e1rio.<\/noscript><\/p>\n<div id=\"wpforms-error-noscript\" style=\"display: none;\">Ative o JavaScript em seu navegador para preencher este formul\u00e1rio.<\/div>\n<div class=\"wpforms-field-container\">\n<div id=\"wpforms-7722-field_2-container\" class=\"wpforms-field wpforms-field-text wpforms-one-half wpforms-first\" data-field-id=\"2\"><label class=\"wpforms-field-label wpforms-label-hide\" for=\"wpforms-7722-field_2\" aria-hidden=\"false\">nome <span class=\"wpforms-required-label\" aria-hidden=\"true\">*<\/span><\/label><input type=\"text\" id=\"wpforms-7722-field_2\" class=\"wpforms-field-large wpforms-field-required\" name=\"wpforms[fields][2]\" placeholder=\"Seu nome completo (obrigat\u00f3rio)\" aria-errormessage=\"wpforms-7722-field_2-error\" required><\/div>\n<div id=\"wpforms-7722-field_6-container\" class=\"wpforms-field wpforms-field-text wpforms-one-half\" data-field-id=\"6\"><label class=\"wpforms-field-label wpforms-label-hide\" for=\"wpforms-7722-field_6\" aria-hidden=\"false\">Telefone\/Whatsapp<\/label><input type=\"text\" id=\"wpforms-7722-field_6\" class=\"wpforms-field-large\" name=\"wpforms[fields][6]\" placeholder=\"Seu telefone ou Whatsapp\" aria-errormessage=\"wpforms-7722-field_6-error\" ><\/div>\n<div id=\"wpforms-7722-field_4-container\" class=\"wpforms-field wpforms-field-email\" data-field-id=\"4\"><label class=\"wpforms-field-label wpforms-label-hide\" for=\"wpforms-7722-field_4\" aria-hidden=\"false\">E-mail <span class=\"wpforms-required-label\" aria-hidden=\"true\">*<\/span><\/label><input type=\"email\" id=\"wpforms-7722-field_4\" class=\"wpforms-field-large wpforms-field-required\" name=\"wpforms[fields][4]\" placeholder=\"Seu endere\u00e7o de e-mail (obrigat\u00f3rio)\" spellcheck=\"false\" aria-errormessage=\"wpforms-7722-field_4-error\" required><\/div>\n<div id=\"wpforms-7722-field_5-container\" class=\"wpforms-field wpforms-field-textarea\" data-field-id=\"5\"><label class=\"wpforms-field-label wpforms-label-hide\" for=\"wpforms-7722-field_5\" aria-hidden=\"false\">mensagem<\/label><textarea id=\"wpforms-7722-field_5\" class=\"wpforms-field-small\" name=\"wpforms[fields][5]\" placeholder=\"Digite sua pergunta ou mensagem aqui (obrigat\u00f3rio). Nossa equipe de vendas entrar\u00e1 em contato com voc\u00ea em breve por e-mail ou telefone\" aria-errormessage=\"wpforms-7722-field_5-error\" ><\/textarea><\/div>\n<\/div>\n<p><!-- .wpforms-field-container --><\/p>\n<div class=\"wpforms-recaptcha-container wpforms-is-recaptcha wpforms-is-recaptcha-type-v2\" >\n<div class=\"g-recaptcha\" data-sitekey=\"6LdB80orAAAAAKY5uySmKh5n_GH1YOYotE48XZ8K\"><\/div>\n<p><input type=\"text\" name=\"g-recaptcha-hidden\" class=\"wpforms-recaptcha-hidden\" style=\"position:absolute!important;clip:rect(0,0,0,0)!important;height:1px!important;width:1px!important;border:0!important;overflow:hidden!important;padding:0!important;margin:0!important;\" data-rule-recaptcha=\"1\"><\/div>\n<div class=\"wpforms-submit-container\" ><input type=\"hidden\" name=\"wpforms[id]\" value=\"7722\"><input type=\"hidden\" name=\"page_title\" value=\"\"><input type=\"hidden\" name=\"page_url\" value=\"https:\/\/fychemgroup.com\/pt\/wp-json\/wp\/v2\/product\/5014\"><input type=\"hidden\" name=\"url_referer\" value=\"\"><button type=\"submit\" name=\"wpforms[submit]\" id=\"wpforms-submit-7722\" class=\"wpforms-submit\" data-alt-text=\"Sending...\" data-submit-text=\"Send\" aria-live=\"assertive\" value=\"wpforms-submit\">Enviar<\/button><img loading=\"lazy\" decoding=\"async\" src=\"https:\/\/fychemgroup.com\/wp-content\/plugins\/wpforms\/assets\/images\/submit-spin.svg\" class=\"wpforms-submit-spinner\" style=\"display: none;\" width=\"26\" height=\"26\" alt=\"Carregando\"><\/div>\n<input type=\"hidden\" name=\"trp-form-language\" value=\"pt\"\/><\/form>\n<\/div>\n<p>  <!-- .wpforms-container --><\/p>","protected":false},"featured_media":5808,"comment_status":"closed","ping_status":"closed","template":"","meta":{"_kad_post_transparent":"default","_kad_post_title":"","_kad_post_layout":"default","_kad_post_sidebar_id":"","_kad_post_content_style":"default","_kad_post_vertical_padding":"default","_kad_post_feature":"","_kad_post_feature_position":"","_kad_post_header":false,"_kad_post_footer":false,"_kad_post_classname":""},"product_brand":[],"product_cat":[15,52,50],"product_tag":[],"class_list":{"0":"post-5014","1":"product","2":"type-product","3":"status-publish","4":"has-post-thumbnail","6":"product_cat-fragrance-for-daily-chemicals","7":"product_cat-candle","8":"product_cat-emotion-adjustment","10":"first","11":"outofstock","12":"featured","13":"shipping-taxable","14":"product-type-simple","15":"entry","16":"content-bg","17":"loop-entry"},"_links":{"self":[{"href":"https:\/\/fychemgroup.com\/pt\/wp-json\/wp\/v2\/product\/5014","targetHints":{"allow":["GET"]}}],"collection":[{"href":"https:\/\/fychemgroup.com\/pt\/wp-json\/wp\/v2\/product"}],"about":[{"href":"https:\/\/fychemgroup.com\/pt\/wp-json\/wp\/v2\/types\/product"}],"replies":[{"embeddable":true,"href":"https:\/\/fychemgroup.com\/pt\/wp-json\/wp\/v2\/comments?post=5014"}],"version-history":[{"count":6,"href":"https:\/\/fychemgroup.com\/pt\/wp-json\/wp\/v2\/product\/5014\/revisions"}],"predecessor-version":[{"id":9542,"href":"https:\/\/fychemgroup.com\/pt\/wp-json\/wp\/v2\/product\/5014\/revisions\/9542"}],"wp:featuredmedia":[{"embeddable":true,"href":"https:\/\/fychemgroup.com\/pt\/wp-json\/wp\/v2\/media\/5808"}],"wp:attachment":[{"href":"https:\/\/fychemgroup.com\/pt\/wp-json\/wp\/v2\/media?parent=5014"}],"wp:term":[{"taxonomy":"product_brand","embeddable":true,"href":"https:\/\/fychemgroup.com\/pt\/wp-json\/wp\/v2\/product_brand?post=5014"},{"taxonomy":"product_cat","embeddable":true,"href":"https:\/\/fychemgroup.com\/pt\/wp-json\/wp\/v2\/product_cat?post=5014"},{"taxonomy":"product_tag","embeddable":true,"href":"https:\/\/fychemgroup.com\/pt\/wp-json\/wp\/v2\/product_tag?post=5014"}],"curies":[{"name":"wp","href":"https:\/\/api.w.org\/{rel}","templated":true}]}}