{"id":4970,"date":"2024-03-20T14:59:11","date_gmt":"2024-03-20T06:59:11","guid":{"rendered":"https:\/\/fychemgroup.com\/?post_type=product&#038;p=4970"},"modified":"2024-05-17T14:41:09","modified_gmt":"2024-05-17T06:41:09","slug":"lavender-fragrance-power-paks","status":"publish","type":"product","link":"https:\/\/fychemgroup.com\/pt\/lavender-fragrance-power-paks\/","title":{"rendered":"Pacotes de fragr\u00e2ncia de lavanda"},"content":{"rendered":"<p><strong>1. Sobre o pre\u00e7o<\/strong><br \/>\nTemos v\u00e1rios modelos diferentes para cada sabor. A maioria de nossos pre\u00e7os de aromas ou fragr\u00e2ncias est\u00e1 em torno de $7-$120 por kg.<\/p>\n<p><strong>2. Sobre a fragr\u00e2ncia<\/strong><br \/>\nPara a maioria dos sabores, temos v\u00e1rios modelos, e o amora ser\u00e1 diferente.<br \/>\nNormalmente, use a amostra para determinar qual modelo de sabor voc\u00ea deseja.<\/p>\n<p><strong>3. Sobre a amostra<\/strong><br \/>\nSe precisar de amostras, entre em contato conosco, e recomendaremos o modelo de sabor mais adequado para voc\u00ea de acordo com o seu produto.<\/p>\n<p><strong>4. Sobre a remessa<\/strong><br \/>\nA taxa de remessa \u00e9 calculada de acordo com o pre\u00e7o da remessa naquele momento.<\/p>\n<p><strong>5. Que condi\u00e7\u00f5es de entrega podemos oferecer?<\/strong><br \/>\nTermos de entrega aceitos: FOB, CIF, EXW, FCA, DDP;<\/p>\n<p><strong>51. What payment terms can we accept?<\/strong><br \/>\nMoeda de pagamento aceita: USD, CNY;<br \/>\nTipos de pagamento aceitos: Transfer\u00eancia banc\u00e1ria, MoneyGram, PayPal, Western Union;<\/p>","protected":false},"excerpt":{"rendered":"<p>Forma: l\u00edquida<br \/>\nPrazo de validade: 2 anos<br \/>\nGrau: Fragr\u00e2ncia di\u00e1ria<br \/>\nCertifica\u00e7\u00e3o: ISO HACCP HALAL Ect<\/p>\n<style id=\"wpforms-css-vars-7722\">\n\t\t\t\t#wpforms-7722 {<\/p>\n<p>\t\t\t}\n\t\t\t<\/style>\n<div class=\"wpforms-container wpforms-container-full wpforms-render-modern\" id=\"wpforms-7722\">\n<form id=\"wpforms-form-7722\" class=\"wpforms-validate wpforms-form wpforms-ajax-form\" data-formid=\"7722\" method=\"post\" enctype=\"multipart\/form-data\" action=\"\/pt\/wp-json\/wp\/v2\/product\/4970\" data-token=\"a7a361d6445ff437ec3cc6c6dbe6606e\" data-token-time=\"1776768172\" data-trp-original-action=\"\/pt\/wp-json\/wp\/v2\/product\/4970\"><noscript class=\"wpforms-error-noscript\">Ative o JavaScript em seu navegador para preencher este formul\u00e1rio.<\/noscript><\/p>\n<div id=\"wpforms-error-noscript\" style=\"display: none;\">Ative o JavaScript em seu navegador para preencher este formul\u00e1rio.<\/div>\n<div class=\"wpforms-field-container\">\n<div id=\"wpforms-7722-field_2-container\" class=\"wpforms-field wpforms-field-text wpforms-one-half wpforms-first\" data-field-id=\"2\"><label class=\"wpforms-field-label wpforms-label-hide\" for=\"wpforms-7722-field_2\" aria-hidden=\"false\">nome <span class=\"wpforms-required-label\" aria-hidden=\"true\">*<\/span><\/label><input type=\"text\" id=\"wpforms-7722-field_2\" class=\"wpforms-field-large wpforms-field-required\" name=\"wpforms[fields][2]\" placeholder=\"Seu nome completo (obrigat\u00f3rio)\" aria-errormessage=\"wpforms-7722-field_2-error\" required><\/div>\n<div id=\"wpforms-7722-field_6-container\" class=\"wpforms-field wpforms-field-text wpforms-one-half\" data-field-id=\"6\"><label class=\"wpforms-field-label wpforms-label-hide\" for=\"wpforms-7722-field_6\" aria-hidden=\"false\">Telefone\/Whatsapp<\/label><input type=\"text\" id=\"wpforms-7722-field_6\" class=\"wpforms-field-large\" name=\"wpforms[fields][6]\" placeholder=\"Seu telefone ou Whatsapp\" aria-errormessage=\"wpforms-7722-field_6-error\" ><\/div>\n<div id=\"wpforms-7722-field_4-container\" class=\"wpforms-field wpforms-field-email\" data-field-id=\"4\"><label class=\"wpforms-field-label wpforms-label-hide\" for=\"wpforms-7722-field_4\" aria-hidden=\"false\">E-mail <span class=\"wpforms-required-label\" aria-hidden=\"true\">*<\/span><\/label><input type=\"email\" id=\"wpforms-7722-field_4\" class=\"wpforms-field-large wpforms-field-required\" name=\"wpforms[fields][4]\" placeholder=\"Seu endere\u00e7o de e-mail (obrigat\u00f3rio)\" spellcheck=\"false\" aria-errormessage=\"wpforms-7722-field_4-error\" required><\/div>\n<div id=\"wpforms-7722-field_5-container\" class=\"wpforms-field wpforms-field-textarea\" data-field-id=\"5\"><label class=\"wpforms-field-label wpforms-label-hide\" for=\"wpforms-7722-field_5\" aria-hidden=\"false\">mensagem<\/label><textarea id=\"wpforms-7722-field_5\" class=\"wpforms-field-small\" name=\"wpforms[fields][5]\" placeholder=\"Digite sua pergunta ou mensagem aqui (obrigat\u00f3rio). Nossa equipe de vendas entrar\u00e1 em contato com voc\u00ea em breve por e-mail ou telefone\" aria-errormessage=\"wpforms-7722-field_5-error\" ><\/textarea><\/div>\n<\/div>\n<p><!-- .wpforms-field-container --><\/p>\n<div class=\"wpforms-recaptcha-container wpforms-is-recaptcha wpforms-is-recaptcha-type-v2\" >\n<div class=\"g-recaptcha\" data-sitekey=\"6LdB80orAAAAAKY5uySmKh5n_GH1YOYotE48XZ8K\"><\/div>\n<p><input type=\"text\" name=\"g-recaptcha-hidden\" class=\"wpforms-recaptcha-hidden\" style=\"position:absolute!important;clip:rect(0,0,0,0)!important;height:1px!important;width:1px!important;border:0!important;overflow:hidden!important;padding:0!important;margin:0!important;\" data-rule-recaptcha=\"1\"><\/div>\n<div class=\"wpforms-submit-container\" ><input type=\"hidden\" name=\"wpforms[id]\" value=\"7722\"><input type=\"hidden\" name=\"page_title\" value=\"\"><input type=\"hidden\" name=\"page_url\" value=\"https:\/\/fychemgroup.com\/pt\/wp-json\/wp\/v2\/product\/4970\"><input type=\"hidden\" name=\"url_referer\" value=\"\"><button type=\"submit\" name=\"wpforms[submit]\" id=\"wpforms-submit-7722\" class=\"wpforms-submit\" data-alt-text=\"Sending...\" data-submit-text=\"Send\" aria-live=\"assertive\" value=\"wpforms-submit\">Enviar<\/button><img decoding=\"async\" src=\"https:\/\/fychemgroup.com\/wp-content\/plugins\/wpforms\/assets\/images\/submit-spin.svg\" class=\"wpforms-submit-spinner\" style=\"display: none;\" width=\"26\" height=\"26\" alt=\"Carregando\"><\/div>\n<input type=\"hidden\" name=\"trp-form-language\" value=\"pt\"\/><\/form>\n<\/div>\n<p>  <!-- .wpforms-container --><\/p>","protected":false},"featured_media":5932,"comment_status":"closed","ping_status":"closed","template":"","meta":{"_kad_post_transparent":"","_kad_post_title":"","_kad_post_layout":"","_kad_post_sidebar_id":"","_kad_post_content_style":"","_kad_post_vertical_padding":"","_kad_post_feature":"","_kad_post_feature_position":"","_kad_post_header":false,"_kad_post_footer":false,"_kad_post_classname":""},"product_brand":[],"product_cat":[15,36,71],"product_tag":[],"class_list":{"0":"post-4970","1":"product","2":"type-product","3":"status-publish","4":"has-post-thumbnail","6":"product_cat-fragrance-for-daily-chemicals","7":"product_cat-house-hold-cleaning","8":"product_cat-laundry-detergent-pods-fragrance","10":"first","11":"outofstock","12":"featured","13":"shipping-taxable","14":"product-type-simple","15":"entry","16":"content-bg","17":"loop-entry"},"_links":{"self":[{"href":"https:\/\/fychemgroup.com\/pt\/wp-json\/wp\/v2\/product\/4970","targetHints":{"allow":["GET"]}}],"collection":[{"href":"https:\/\/fychemgroup.com\/pt\/wp-json\/wp\/v2\/product"}],"about":[{"href":"https:\/\/fychemgroup.com\/pt\/wp-json\/wp\/v2\/types\/product"}],"replies":[{"embeddable":true,"href":"https:\/\/fychemgroup.com\/pt\/wp-json\/wp\/v2\/comments?post=4970"}],"version-history":[{"count":0,"href":"https:\/\/fychemgroup.com\/pt\/wp-json\/wp\/v2\/product\/4970\/revisions"}],"wp:featuredmedia":[{"embeddable":true,"href":"https:\/\/fychemgroup.com\/pt\/wp-json\/wp\/v2\/media\/5932"}],"wp:attachment":[{"href":"https:\/\/fychemgroup.com\/pt\/wp-json\/wp\/v2\/media?parent=4970"}],"wp:term":[{"taxonomy":"product_brand","embeddable":true,"href":"https:\/\/fychemgroup.com\/pt\/wp-json\/wp\/v2\/product_brand?post=4970"},{"taxonomy":"product_cat","embeddable":true,"href":"https:\/\/fychemgroup.com\/pt\/wp-json\/wp\/v2\/product_cat?post=4970"},{"taxonomy":"product_tag","embeddable":true,"href":"https:\/\/fychemgroup.com\/pt\/wp-json\/wp\/v2\/product_tag?post=4970"}],"curies":[{"name":"wp","href":"https:\/\/api.w.org\/{rel}","templated":true}]}}