{"id":5081,"date":"2024-03-20T14:59:49","date_gmt":"2024-03-20T06:59:49","guid":{"rendered":"https:\/\/fychemgroup.com\/?post_type=product&#038;p=5081"},"modified":"2025-06-05T14:46:17","modified_gmt":"2025-06-05T06:46:17","slug":"watermelon-flavor-sport-beverages","status":"publish","type":"product","link":"https:\/\/fychemgroup.com\/es_co\/watermelon-flavor-sport-beverages\/","title":{"rendered":"Watermelon Flavor Sport Beverages"},"content":{"rendered":"<h3 style=\"text-align: center;\"><span style=\"vertical-align: inherit;\">\ud83c\udf49 Watermelon Flavored Sports Drink<\/span><\/h3>\n<p><img fetchpriority=\"high\" decoding=\"async\" class=\"size-large wp-image-8634 aligncenter\" src=\"https:\/\/fychemgroup.com\/wp-content\/uploads\/2024\/03\/Watermelon-Flavor-Sport-Beverages-683x1024.png\" alt=\"\u897f\u74dc\u5473\u8fd0\u52a8\u996e\u6599\" width=\"683\" height=\"1024\" srcset=\"https:\/\/fychemgroup.com\/wp-content\/uploads\/2024\/03\/Watermelon-Flavor-Sport-Beverages-683x1024.png 683w, https:\/\/fychemgroup.com\/wp-content\/uploads\/2024\/03\/Watermelon-Flavor-Sport-Beverages-200x300.png 200w, https:\/\/fychemgroup.com\/wp-content\/uploads\/2024\/03\/Watermelon-Flavor-Sport-Beverages-768x1152.png 768w, https:\/\/fychemgroup.com\/wp-content\/uploads\/2024\/03\/Watermelon-Flavor-Sport-Beverages-700x1050.png 700w, https:\/\/fychemgroup.com\/wp-content\/uploads\/2024\/03\/Watermelon-Flavor-Sport-Beverages.png 1024w\" sizes=\"(max-width: 683px) 100vw, 683px\" \/><\/p>\n<h3 style=\"text-align: center;\"><span style=\"vertical-align: inherit;\">Why choose synthetic watermelon flavor\uff1f<\/span><\/h3>\n<p style=\"text-align: center;\">Our synthetic watermelon flavor captures the true essence of fresh, juicy watermelon\u2014perfect for sports drinks that require long shelf life, consistent flavor, and processing flexibility.<\/p>\n<table class=\"min-w-full\" data-start=\"1106\" data-end=\"1847\">\n<thead data-start=\"1106\" data-end=\"1211\">\n<tr data-start=\"1106\" data-end=\"1211\">\n<th style=\"text-align: center;\" data-start=\"1106\" data-end=\"1131\">feature<\/th>\n<th style=\"text-align: center;\" data-start=\"1131\" data-end=\"1169\">Synthetic watermelon flavor<\/th>\n<th style=\"text-align: center;\" data-start=\"1169\" data-end=\"1211\">Extractos naturales<\/th>\n<\/tr>\n<\/thead>\n<tbody data-start=\"1318\" data-end=\"1847\">\n<tr data-start=\"1318\" data-end=\"1423\">\n<td class=\"max-w-[calc(var(--thread-content-max-width)*2\/3)]\" style=\"text-align: center;\" data-start=\"1318\" data-end=\"1343\">Stablize<\/td>\n<td class=\"max-w-[calc(var(--thread-content-max-width)*2\/3)]\" style=\"text-align: center;\" data-start=\"1343\" data-end=\"1381\">Highly heat and pH resistant<\/td>\n<td class=\"max-w-[calc(var(--thread-content-max-width)*2\/3)]\" style=\"text-align: center;\" data-start=\"1381\" data-end=\"1423\">Sensitive to processing environment<\/td>\n<\/tr>\n<tr data-start=\"1424\" data-end=\"1529\">\n<td class=\"max-w-[calc(var(--thread-content-max-width)*2\/3)]\" style=\"text-align: center;\" data-start=\"1424\" data-end=\"1449\">Taste consistency<\/td>\n<td class=\"max-w-[calc(var(--thread-content-max-width)*2\/3)]\" style=\"text-align: center;\" data-start=\"1449\" data-end=\"1487\">Coherencia entre lotes<\/td>\n<td class=\"max-w-[calc(var(--thread-content-max-width)*2\/3)]\" style=\"text-align: center;\" data-start=\"1487\" data-end=\"1529\">Affected by season and origin<\/td>\n<\/tr>\n<tr data-start=\"1530\" data-end=\"1635\">\n<td class=\"max-w-[calc(var(--thread-content-max-width)*2\/3)]\" style=\"text-align: center;\" data-start=\"1530\" data-end=\"1555\">Control de costes<\/td>\n<td class=\"max-w-[calc(var(--thread-content-max-width)*2\/3)]\" style=\"text-align: center;\" data-start=\"1555\" data-end=\"1593\">Suitable for large-scale production<\/td>\n<td class=\"max-w-[calc(var(--thread-content-max-width)*2\/3)]\" style=\"text-align: center;\" data-start=\"1593\" data-end=\"1635\">High cost and unstable supply<\/td>\n<\/tr>\n<tr data-start=\"1636\" data-end=\"1741\">\n<td class=\"max-w-[calc(var(--thread-content-max-width)*2\/3)]\" style=\"text-align: center;\" data-start=\"1636\" data-end=\"1661\">Taste customization<\/td>\n<td class=\"max-w-[calc(var(--thread-content-max-width)*2\/3)]\" style=\"text-align: center;\" data-start=\"1661\" data-end=\"1699\">Easily editable comments<\/td>\n<td class=\"max-w-[calc(var(--thread-content-max-width)*2\/3)]\" style=\"text-align: center;\" data-start=\"1699\" data-end=\"1741\">Limited flexibility<\/td>\n<\/tr>\n<tr data-start=\"1742\" data-end=\"1847\">\n<td class=\"max-w-[calc(var(--thread-content-max-width)*2\/3)]\" style=\"text-align: center;\" data-start=\"1742\" data-end=\"1767\">Shelf life impact<\/td>\n<td class=\"max-w-[calc(var(--thread-content-max-width)*2\/3)]\" style=\"text-align: center;\" data-start=\"1767\" data-end=\"1805\">Improve shelf performance<\/td>\n<td class=\"max-w-[calc(var(--thread-content-max-width)*2\/3)]\" style=\"text-align: center;\" data-start=\"1805\" data-end=\"1847\">May degrade over time<\/td>\n<\/tr>\n<\/tbody>\n<\/table>\n<p class=\"\" style=\"text-align: center;\" data-start=\"1156\" data-end=\"1223\"><span style=\"vertical-align: inherit;\">\u2705Summary: Synthetic flavors have become an economical and effective solution to enhance consumer flavor experience and ensure product stability in the production of functional beverages due to their greater adaptability and economy.<\/span><\/p>\n<hr \/>\n<h3 style=\"text-align: center;\">Product details and usage<\/h3>\n<ul>\n<li class=\"\" data-start=\"2415\" data-end=\"2449\">\n<p class=\"\" style=\"text-align: center;\" data-start=\"2417\" data-end=\"2449\"><span style=\"vertical-align: inherit;\">\ud83d\udca7<strong>Appearance<\/strong>: Transparent liquid<\/span><\/p>\n<\/li>\n<li class=\"\" style=\"text-align: center;\" data-start=\"2450\" data-end=\"2517\">\n<p class=\"\" data-start=\"2452\" data-end=\"2517\"><span style=\"vertical-align: inherit;\">\ud83c\udf49<strong>Flavor profile:<\/strong> Freshly cut watermelon, juicy and sweet<\/span><\/p>\n<\/li>\n<li class=\"\" style=\"text-align: center;\" data-start=\"2518\" data-end=\"2561\">\n<p class=\"\" data-start=\"2520\" data-end=\"2561\"><span style=\"vertical-align: inherit;\">\ud83d\udce6<\/span><strong data-start=\"2523\" data-end=\"2533\"><span style=\"vertical-align: inherit;\">\u7528\u91cf<\/span><\/strong><span style=\"vertical-align: inherit;\">\uff1a\u5efa\u8bae0.05% \u2013 0.15%<\/span><\/p>\n<\/li>\n<li class=\"\" style=\"text-align: center;\" data-start=\"2562\" data-end=\"2597\">\n<p class=\"\" data-start=\"2564\" data-end=\"2597\"><span style=\"vertical-align: inherit;\">\ud83d\udd2c<strong>Solubility:<\/strong> Water soluble<\/span><\/p>\n<\/li>\n<li class=\"\" style=\"text-align: center;\" data-start=\"2598\" data-end=\"2670\">\n<p class=\"\" data-start=\"2600\" data-end=\"2670\"><span style=\"vertical-align: inherit;\">\ud83c\udf21\ufe0f<strong>Stability:<\/strong> Stable at pH 3.0\u20135.5 and pasteurized<\/span><\/p>\n<\/li>\n<li class=\"\" style=\"text-align: center;\" data-start=\"2671\" data-end=\"2742\">\n<p class=\"\" data-start=\"2673\" data-end=\"2742\"><span style=\"vertical-align: inherit;\">\ud83d\uded1<strong>Storage:<\/strong> Store in an airtight container away from light and heat<\/span><\/p>\n<\/li>\n<li class=\"\" data-start=\"2743\" data-end=\"2798\">\n<p class=\"\" style=\"text-align: center;\" data-start=\"2745\" data-end=\"2798\"><span style=\"vertical-align: inherit;\">\u2705<strong>Regulatory:<\/strong> FEMA \/ GRAS compliant<\/span><\/p>\n<\/li>\n<\/ul>\n<hr \/>\n<h3 style=\"text-align: center;\">Usage and Safety Guide<\/h3>\n<ul>\n<li class=\"\" data-start=\"2800\" data-end=\"2853\">\n<p class=\"\" style=\"text-align: center;\" data-start=\"2802\" data-end=\"2853\"><span style=\"vertical-align: inherit;\">\ud83d\udca1 Add during the cooling phase to preserve top notes<\/span><\/p>\n<\/li>\n<li class=\"\" style=\"text-align: center;\" data-start=\"2854\" data-end=\"2894\">\n<p class=\"\" data-start=\"2856\" data-end=\"2894\"><span style=\"vertical-align: inherit;\">\u2705 GRAS status available upon request<\/span><\/p>\n<\/li>\n<li class=\"\" style=\"text-align: center;\" data-start=\"2895\" data-end=\"2946\">\n<p class=\"\" data-start=\"2897\" data-end=\"2946\"><span style=\"vertical-align: inherit;\">\ud83e\uddf4 Store in an airtight, light-proof container<\/span><\/p>\n<\/li>\n<li class=\"\" style=\"text-align: center;\" data-start=\"2947\" data-end=\"2995\">\n<p class=\"\" data-start=\"2949\" data-end=\"2995\"><span style=\"vertical-align: inherit;\">\ud83d\udd0d Recommended for formulations with a pH range of 3.0 &#8211; 5.5<\/span><\/p>\n<\/li>\n<li class=\"\" data-start=\"2996\" data-end=\"3041\">\n<p class=\"\" style=\"text-align: center;\" data-start=\"2998\" data-end=\"3041\"><span style=\"vertical-align: inherit;\">\u2757Avoid direct contact with oxidants<\/span><\/p>\n<\/li>\n<\/ul>\n<hr \/>\n<h2 style=\"text-align: center;\">\ud83d\udcdd Apoyo profesional<\/h2>\n<p style=\"text-align: center;\">Proporcionamos documentaci\u00f3n completa que incluye TDS, SDS y sugerencias de emparejamiento de fragancias.<br \/>\nPersonalizaci\u00f3n OEM\/ODM disponible. P\u00f3ngase en contacto con nosotros a continuaci\u00f3n para obtener muestras o m\u00e1s detalles.<\/p>\n<p style=\"text-align: center;\"><img decoding=\"async\" class=\"size-large wp-image-8838 aligncenter\" src=\"https:\/\/fychemgroup.com\/wp-content\/uploads\/2024\/03\/Fragrance-samples-2-1024x683.png\" alt=\"Muestras de fragancias\" width=\"1024\" height=\"683\" srcset=\"https:\/\/fychemgroup.com\/wp-content\/uploads\/2024\/03\/Fragrance-samples-2-1024x683.png 1024w, https:\/\/fychemgroup.com\/wp-content\/uploads\/2024\/03\/Fragrance-samples-2-300x200.png 300w, https:\/\/fychemgroup.com\/wp-content\/uploads\/2024\/03\/Fragrance-samples-2-768x512.png 768w, https:\/\/fychemgroup.com\/wp-content\/uploads\/2024\/03\/Fragrance-samples-2-700x467.png 700w, https:\/\/fychemgroup.com\/wp-content\/uploads\/2024\/03\/Fragrance-samples-2.png 1536w\" sizes=\"(max-width: 1024px) 100vw, 1024px\" \/><\/p>\n<hr \/>\n<p>&nbsp;<\/p>\n<h2 style=\"text-align: center;\">1. Estructura de precios de los productos<\/h2>\n<p style=\"text-align: center;\">Ofrecemos soluciones de productos de varios niveles para cada perfil de fragancia, con rangos de precios de $7-$120\/kg (basados en los precios est\u00e1ndar de 2023). Las variaciones de precios reflejan:<\/p>\n<p style=\"text-align: center;\">Selecci\u00f3n de especificaciones:<\/p>\n<p style=\"text-align: center;\">Embalaje b\u00e1sico: 10 kg\/barril (adecuado para pruebas de muestras y compra de peque\u00f1os lotes)<\/p>\n<p style=\"text-align: center;\">Envasado est\u00e1ndar: 25 kg\/barril (especificaci\u00f3n recomendada para la producci\u00f3n convencional)<\/p>\n<p style=\"text-align: center;\">Embalaje econ\u00f3mico: 200 kg\/barril IBC (puede disfrutar del descuento del segundo nivel de precios escalonados)<\/p>\n<p style=\"text-align: center;\">Compra a granel: 1 tonelada\/lote (utilice soluciones personalizadas de almacenamiento y transporte para disfrutar del mejor precio unitario)<\/p>\n<p style=\"text-align: center;\">- Calidades de las materias primas (extractos naturales\/sint\u00e9ticos de calidad alimentaria\/ingredientes de calidad farmac\u00e9utica)<br \/>\n- Gradientes de concentraci\u00f3n (3%-98% potencia ajustable)<br \/>\n- Costes de personalizaci\u00f3n (las modificaciones de la f\u00f3rmula OEM se facturan aparte)<br \/>\n- Descuentos por volumen (precios escalonados para pedidos de m\u00e1s de 100 kg)<br \/>\nSe aconseja a los clientes que especifiquen los escenarios de aplicaci\u00f3n (aditivos alimentarios\/cosm\u00e9ticos\/uso industrial) para obtener recomendaciones \u00f3ptimas sobre el modelo coste-rendimiento.<img decoding=\"async\" class=\"alignnone size-full wp-image-8908\" src=\"https:\/\/fychemgroup.com\/wp-content\/uploads\/2024\/03\/Shipping-Specifications-Barrel.png\" alt=\"Especificaciones de env\u00edo Barril\" width=\"1024\" height=\"1024\" srcset=\"https:\/\/fychemgroup.com\/wp-content\/uploads\/2024\/03\/Shipping-Specifications-Barrel.png 1024w, https:\/\/fychemgroup.com\/wp-content\/uploads\/2024\/03\/Shipping-Specifications-Barrel-300x300.png 300w, https:\/\/fychemgroup.com\/wp-content\/uploads\/2024\/03\/Shipping-Specifications-Barrel-150x150.png 150w, https:\/\/fychemgroup.com\/wp-content\/uploads\/2024\/03\/Shipping-Specifications-Barrel-768x768.png 768w, https:\/\/fychemgroup.com\/wp-content\/uploads\/2024\/03\/Shipping-Specifications-Barrel-800x800.png 800w, https:\/\/fychemgroup.com\/wp-content\/uploads\/2024\/03\/Shipping-Specifications-Barrel-700x700.png 700w, https:\/\/fychemgroup.com\/wp-content\/uploads\/2024\/03\/Shipping-Specifications-Barrel-100x100.png 100w\" sizes=\"(max-width: 1024px) 100vw, 1024px\" \/><\/p>\n<h2 style=\"text-align: center;\">**2. Matriz de fragancias y servicios de selecci\u00f3n**<\/h2>\n<p style=\"text-align: center;\">Nuestra base de datos de fragancias, l\u00edder del sector, incluye:<br \/>\n- Categor\u00edas b\u00e1sicas: 12 grupos olfativos (afrutado\/floral\/amaderado\/oriental\/gourmet, etc.)<br \/>\n- Mezclas compuestas: m\u00e1s de 200 acordes exclusivos (por ejemplo, fusi\u00f3n de c\u00edtricos y cedro)<br \/>\n- Conformidad regional: F\u00f3rmulas que cumplen las normas IFRA de la UE, GB 2760 de China y otras normas reglamentarias.<br \/>\nServicios de selecci\u00f3n tridimensional:<br \/>\n\u2460 An\u00e1lisis gratuito del espectro de fragancias<br \/>\n\u2461 Pruebas de compatibilidad espec\u00edficas para cada aplicaci\u00f3n<br \/>\n\u2462 Verificaci\u00f3n reglamentaria previa al cumplimiento de la normativa<\/p>\n<h2 style=\"text-align: center;\">**3. Modelo de protocolo de servicio**<\/h2>\n<p style=\"text-align: center;\">Programa de muestreo en tres fases:<br \/>\n1) Muestras preliminares: Muestras est\u00e1ndar gratuitas de 5 ml (3 variantes como m\u00e1ximo).<br \/>\n2) Pruebas avanzadas: Muestras de f\u00f3rmulas personalizadas ($20\/coste de material por variante)<br \/>\n3) Validaci\u00f3n previa a la producci\u00f3n: Muestras t\u00e9cnicas de 1 kg (deducible de futuros pedidos)<br \/>\n*Entrega mundial a trav\u00e9s de DHL\/FedEx Priority (3-7 d\u00edas laborables)*.<\/p>\n<h2 style=\"text-align: center;\">**4. Soluciones log\u00edsticas globales**<\/h2>\n<p style=\"text-align: center;\">La integraci\u00f3n log\u00edstica digitalizada con Maersk\/DHL garantiza:<br \/>\n- Calculadora de fletes en tiempo real: Presupuestos instant\u00e1neos a trav\u00e9s del c\u00f3digo postal de destino<br \/>\n- Transporte mar\u00edtimo multimodal:<br \/>\n\u221a Flete mar\u00edtimo LCL (20kg+ m\u00ednimo, opci\u00f3n econ\u00f3mica)<br \/>\n\u221a Air Freight Express (espacio prioritario para pedidos de m\u00e1s de 100 kg)<br \/>\n\u221a International Express (servicio de emergencia de 72 horas)<br \/>\n- Despacho de aduanas inteligente: Soporte completo para la declaraci\u00f3n de c\u00f3digos HS<\/p>\n<h2 style=\"text-align: center;\">**5. Especificaciones comerciales**<\/h2>\n<p style=\"text-align: center;\">Cumplimiento exhaustivo de los Incoterms\u00ae 2020:<br \/>\n\u25b7 EXW (Ex-Works): Recogida del cliente en el almac\u00e9n aduanero de Guangzhou.<br \/>\n\u25b7 FOB (Puerto de Guangzhou): Incluye log\u00edstica nacional y despacho de aduanas<br \/>\n\u25b7 CIF (Puerto de destino): 110% valor de la carga cobertura del seguro mar\u00edtimo<br \/>\n\u25b7 DDP (Entregado derechos pagados): Incluye IVA en destino y aranceles.<br \/>\n\u25b7 FCA (Free Carrier): Transferencia de carga en terminales designadas.<\/p>\n<h2 style=\"text-align: center;\">**6. Soluciones financieras y de pago**<\/h2>\n<p style=\"text-align: center;\">Caracter\u00edsticas del ecosistema de transacciones seguras:<br \/>\n\u25a0 Monedas de liquidaci\u00f3n:<br \/>\n- USD (T\/T, L\/C)<br \/>\n- CNY (Sistema CIPS transfronterizo)<br \/>\n\u25a0 Formas de pago:<br \/>\n\u221a Transferencia bancaria: Cuentas de garant\u00eda bloqueadas de HSBC\/CITIC Bank<br \/>\n\u221a Pago electr\u00f3nico: PayPal Business (se aplica una tarifa de servicio de 3,5%).<br \/>\n\u221a Western Union: transferencia instant\u00e1nea en 15 minutos<\/p>\n<p>&nbsp;<\/p>","protected":false},"excerpt":{"rendered":"<p>Fragancia Suavizante de Ropa Playa Bergamota<br \/>\nForma: l\u00edquido|polvo<br \/>\nCaducidad: 2\/3 a\u00f1os<br \/>\nGrado: Fragancia diaria<br \/>\nCertificaci\u00f3n: ISO HACCP HALAL Ect<\/p>\n<p>Selecci\u00f3n de especificaciones:<br \/>\nEnvase b\u00e1sico: 10 kg\/barril (adecuado para pruebas de muestras y compras de lotes peque\u00f1os)<br \/>\nEnvasado est\u00e1ndar: 25 kg\/barril (especificaciones recomendadas para la producci\u00f3n convencional)<br \/>\nEmbalaje econ\u00f3mico: 200 kg\/barril IBC (puede disfrutar del descuento del segundo nivel de precios escalonados)<br \/>\nCompra a granel: 1 tonelada\/lote (utilice soluciones personalizadas de almacenamiento y transporte para disfrutar del mejor precio unitario)<\/p>\n<style id=\"wpforms-css-vars-7722\">\n\t\t\t\t#wpforms-7722 {<\/p>\n<p>\t\t\t}\n\t\t\t<\/style>\n<div class=\"wpforms-container wpforms-container-full wpforms-render-modern\" id=\"wpforms-7722\">\n<form id=\"wpforms-form-7722\" class=\"wpforms-validate wpforms-form wpforms-ajax-form\" data-formid=\"7722\" method=\"post\" enctype=\"multipart\/form-data\" action=\"\/es_co\/wp-json\/wp\/v2\/product\/5081\" data-token=\"b10f86053620fe6885b47a146cf6c865\" data-token-time=\"1776345377\" data-trp-original-action=\"\/es_co\/wp-json\/wp\/v2\/product\/5081\"><noscript class=\"wpforms-error-noscript\">Por favor, active JavaScript en su navegador para completar este formulario.<\/noscript><\/p>\n<div id=\"wpforms-error-noscript\" style=\"display: none;\">Por favor, active JavaScript en su navegador para completar este formulario.<\/div>\n<div class=\"wpforms-field-container\">\n<div id=\"wpforms-7722-field_2-container\" class=\"wpforms-field wpforms-field-text wpforms-one-half wpforms-first\" data-field-id=\"2\"><label class=\"wpforms-field-label wpforms-label-hide\" for=\"wpforms-7722-field_2\" aria-hidden=\"false\">nombre <span class=\"wpforms-required-label\" aria-hidden=\"true\">*<\/span><\/label><input type=\"text\" id=\"wpforms-7722-field_2\" class=\"wpforms-field-large wpforms-field-required\" name=\"wpforms[fields][2]\" placeholder=\"Su nombre completo (obligatorio)\" aria-errormessage=\"wpforms-7722-field_2-error\" required><\/div>\n<div id=\"wpforms-7722-field_6-container\" class=\"wpforms-field wpforms-field-text wpforms-one-half\" data-field-id=\"6\"><label class=\"wpforms-field-label wpforms-label-hide\" for=\"wpforms-7722-field_6\" aria-hidden=\"false\">Tel\u00e9fono\/Whatsapp<\/label><input type=\"text\" id=\"wpforms-7722-field_6\" class=\"wpforms-field-large\" name=\"wpforms[fields][6]\" placeholder=\"Tu tel\u00e9fono o Whatsapp\" aria-errormessage=\"wpforms-7722-field_6-error\" ><\/div>\n<div id=\"wpforms-7722-field_4-container\" class=\"wpforms-field wpforms-field-email\" data-field-id=\"4\"><label class=\"wpforms-field-label wpforms-label-hide\" for=\"wpforms-7722-field_4\" aria-hidden=\"false\">Correo electr\u00f3nico <span class=\"wpforms-required-label\" aria-hidden=\"true\">*<\/span><\/label><input type=\"email\" id=\"wpforms-7722-field_4\" class=\"wpforms-field-large wpforms-field-required\" name=\"wpforms[fields][4]\" placeholder=\"Su direcci\u00f3n de correo electr\u00f3nico (obligatorio)\" spellcheck=\"false\" aria-errormessage=\"wpforms-7722-field_4-error\" required><\/div>\n<div id=\"wpforms-7722-field_5-container\" class=\"wpforms-field wpforms-field-textarea\" data-field-id=\"5\"><label class=\"wpforms-field-label wpforms-label-hide\" for=\"wpforms-7722-field_5\" aria-hidden=\"false\">mensaje<\/label><textarea id=\"wpforms-7722-field_5\" class=\"wpforms-field-small\" name=\"wpforms[fields][5]\" placeholder=\"Introduzca aqu\u00ed su consulta o mensaje (obligatorio). Nuestro equipo de ventas se pondr\u00e1 en contacto con usted en breve por correo electr\u00f3nico o tel\u00e9fono.\" aria-errormessage=\"wpforms-7722-field_5-error\" ><\/textarea><\/div>\n<\/div>\n<p><!-- .wpforms-field-container --><\/p>\n<div class=\"wpforms-recaptcha-container wpforms-is-recaptcha wpforms-is-recaptcha-type-v2\" >\n<div class=\"g-recaptcha\" data-sitekey=\"6LdB80orAAAAAKY5uySmKh5n_GH1YOYotE48XZ8K\"><\/div>\n<p><input type=\"text\" name=\"g-recaptcha-hidden\" class=\"wpforms-recaptcha-hidden\" style=\"position:absolute!important;clip:rect(0,0,0,0)!important;height:1px!important;width:1px!important;border:0!important;overflow:hidden!important;padding:0!important;margin:0!important;\" data-rule-recaptcha=\"1\"><\/div>\n<div class=\"wpforms-submit-container\" ><input type=\"hidden\" name=\"wpforms[id]\" value=\"7722\"><input type=\"hidden\" name=\"page_title\" value=\"\"><input type=\"hidden\" name=\"page_url\" value=\"https:\/\/fychemgroup.com\/es_co\/wp-json\/wp\/v2\/product\/5081\"><input type=\"hidden\" name=\"url_referer\" value=\"\"><button type=\"submit\" name=\"wpforms[submit]\" id=\"wpforms-submit-7722\" class=\"wpforms-submit\" data-alt-text=\"Sending...\" data-submit-text=\"Send\" aria-live=\"assertive\" value=\"wpforms-submit\">Enviar<\/button><img loading=\"lazy\" decoding=\"async\" src=\"https:\/\/fychemgroup.com\/wp-content\/plugins\/wpforms\/assets\/images\/submit-spin.svg\" class=\"wpforms-submit-spinner\" style=\"display: none;\" width=\"26\" height=\"26\" alt=\"Cargando\"><\/div>\n<input type=\"hidden\" name=\"trp-form-language\" value=\"es_co\"\/><\/form>\n<\/div>\n<p>  <!-- .wpforms-container --><\/p>","protected":false},"featured_media":5979,"comment_status":"closed","ping_status":"closed","template":"","meta":{"_kad_post_transparent":"default","_kad_post_title":"","_kad_post_layout":"default","_kad_post_sidebar_id":"","_kad_post_content_style":"default","_kad_post_vertical_padding":"default","_kad_post_feature":"","_kad_post_feature_position":"","_kad_post_header":false,"_kad_post_footer":false,"_kad_post_classname":""},"product_brand":[],"product_cat":[35,60],"product_tag":[],"class_list":{"0":"post-5081","1":"product","2":"type-product","3":"status-publish","4":"has-post-thumbnail","6":"product_cat-flavor-for-food-beverage","7":"product_cat-flavor-for-sports-beverage","9":"first","10":"outofstock","11":"shipping-taxable","12":"product-type-simple","13":"entry","14":"content-bg","15":"loop-entry"},"_links":{"self":[{"href":"https:\/\/fychemgroup.com\/es_co\/wp-json\/wp\/v2\/product\/5081","targetHints":{"allow":["GET"]}}],"collection":[{"href":"https:\/\/fychemgroup.com\/es_co\/wp-json\/wp\/v2\/product"}],"about":[{"href":"https:\/\/fychemgroup.com\/es_co\/wp-json\/wp\/v2\/types\/product"}],"replies":[{"embeddable":true,"href":"https:\/\/fychemgroup.com\/es_co\/wp-json\/wp\/v2\/comments?post=5081"}],"version-history":[{"count":8,"href":"https:\/\/fychemgroup.com\/es_co\/wp-json\/wp\/v2\/product\/5081\/revisions"}],"predecessor-version":[{"id":9527,"href":"https:\/\/fychemgroup.com\/es_co\/wp-json\/wp\/v2\/product\/5081\/revisions\/9527"}],"wp:featuredmedia":[{"embeddable":true,"href":"https:\/\/fychemgroup.com\/es_co\/wp-json\/wp\/v2\/media\/5979"}],"wp:attachment":[{"href":"https:\/\/fychemgroup.com\/es_co\/wp-json\/wp\/v2\/media?parent=5081"}],"wp:term":[{"taxonomy":"product_brand","embeddable":true,"href":"https:\/\/fychemgroup.com\/es_co\/wp-json\/wp\/v2\/product_brand?post=5081"},{"taxonomy":"product_cat","embeddable":true,"href":"https:\/\/fychemgroup.com\/es_co\/wp-json\/wp\/v2\/product_cat?post=5081"},{"taxonomy":"product_tag","embeddable":true,"href":"https:\/\/fychemgroup.com\/es_co\/wp-json\/wp\/v2\/product_tag?post=5081"}],"curies":[{"name":"wp","href":"https:\/\/api.w.org\/{rel}","templated":true}]}}