{"id":4928,"date":"2024-03-20T14:58:53","date_gmt":"2024-03-20T06:58:53","guid":{"rendered":"https:\/\/fychemgroup.com\/?post_type=product&#038;p=4928"},"modified":"2024-05-17T14:40:58","modified_gmt":"2024-05-17T06:40:58","slug":"sunshine-and-waves-detergent-fragrance","status":"publish","type":"product","link":"https:\/\/fychemgroup.com\/es_co\/sunshine-and-waves-detergent-fragrance\/","title":{"rendered":"Fragancia Detergente Sol y Olas"},"content":{"rendered":"<p><strong>1. Sobre el precio<\/strong><br \/>\nTenemos varios modelos diferentes para cada sabor. La mayor\u00eda de nuestros precios de sabor o fragancia son alrededor de $7-$120 por kg.<\/p>\n<p><strong>2. Acerca de la fragancia<\/strong><br \/>\nPara la mayor\u00eda de los sabores, tenemos varios modelos, amora ser\u00e1 diferente.<br \/>\nPor lo general, utilice la muestra para determinar qu\u00e9 modelo de sabor desea.<\/p>\n<p><strong>3. Acerca de la muestra<\/strong><br \/>\nSi necesita muestras, p\u00f3ngase en contacto con nosotros y le recomendaremos el modelo de sabor m\u00e1s adecuado a su producto.<\/p>\n<p><strong>4. Acerca del env\u00edo<\/strong><br \/>\nLos gastos de env\u00edo se calculan en funci\u00f3n del precio del env\u00edo en ese momento.<\/p>\n<p><strong>5. \u00bfQu\u00e9 plazos de entrega podemos ofrecer?<\/strong><br \/>\nCondiciones de entrega aceptadas: FOB, CIF, EXW, FCA, DDP;<\/p>\n<p><strong>6. \u00bfQu\u00e9 condiciones de pago podemos aceptar?<\/strong><br \/>\nDivisa de pago aceptada: USD, CNY;<br \/>\nTipo de pago aceptado: Transferencia bancaria, MoneyGram, PayPal, Western Union;<\/p>","protected":false},"excerpt":{"rendered":"<p>Forma: l\u00edquido<br \/>\nCaducidad: 2 a\u00f1os<br \/>\nGrado: Fragancia diaria<br \/>\nCertificaci\u00f3n: ISO HACCP HALAL Ect<\/p>\n<style id=\"wpforms-css-vars-7722\">\n\t\t\t\t#wpforms-7722 {<\/p>\n<p>\t\t\t}\n\t\t\t<\/style>\n<div class=\"wpforms-container wpforms-container-full wpforms-render-modern\" id=\"wpforms-7722\">\n<form id=\"wpforms-form-7722\" class=\"wpforms-validate wpforms-form wpforms-ajax-form\" data-formid=\"7722\" method=\"post\" enctype=\"multipart\/form-data\" action=\"\/es_co\/wp-json\/wp\/v2\/product\/4928\" data-token=\"b10f86053620fe6885b47a146cf6c865\" data-token-time=\"1776381759\" data-trp-original-action=\"\/es_co\/wp-json\/wp\/v2\/product\/4928\"><noscript class=\"wpforms-error-noscript\">Por favor, active JavaScript en su navegador para completar este formulario.<\/noscript><\/p>\n<div id=\"wpforms-error-noscript\" style=\"display: none;\">Por favor, active JavaScript en su navegador para completar este formulario.<\/div>\n<div class=\"wpforms-field-container\">\n<div id=\"wpforms-7722-field_2-container\" class=\"wpforms-field wpforms-field-text wpforms-one-half wpforms-first\" data-field-id=\"2\"><label class=\"wpforms-field-label wpforms-label-hide\" for=\"wpforms-7722-field_2\" aria-hidden=\"false\">nombre <span class=\"wpforms-required-label\" aria-hidden=\"true\">*<\/span><\/label><input type=\"text\" id=\"wpforms-7722-field_2\" class=\"wpforms-field-large wpforms-field-required\" name=\"wpforms[fields][2]\" placeholder=\"Su nombre completo (obligatorio)\" aria-errormessage=\"wpforms-7722-field_2-error\" required><\/div>\n<div id=\"wpforms-7722-field_6-container\" class=\"wpforms-field wpforms-field-text wpforms-one-half\" data-field-id=\"6\"><label class=\"wpforms-field-label wpforms-label-hide\" for=\"wpforms-7722-field_6\" aria-hidden=\"false\">Tel\u00e9fono\/Whatsapp<\/label><input type=\"text\" id=\"wpforms-7722-field_6\" class=\"wpforms-field-large\" name=\"wpforms[fields][6]\" placeholder=\"Tu tel\u00e9fono o Whatsapp\" aria-errormessage=\"wpforms-7722-field_6-error\" ><\/div>\n<div id=\"wpforms-7722-field_4-container\" class=\"wpforms-field wpforms-field-email\" data-field-id=\"4\"><label class=\"wpforms-field-label wpforms-label-hide\" for=\"wpforms-7722-field_4\" aria-hidden=\"false\">Correo electr\u00f3nico <span class=\"wpforms-required-label\" aria-hidden=\"true\">*<\/span><\/label><input type=\"email\" id=\"wpforms-7722-field_4\" class=\"wpforms-field-large wpforms-field-required\" name=\"wpforms[fields][4]\" placeholder=\"Su direcci\u00f3n de correo electr\u00f3nico (obligatorio)\" spellcheck=\"false\" aria-errormessage=\"wpforms-7722-field_4-error\" required><\/div>\n<div id=\"wpforms-7722-field_5-container\" class=\"wpforms-field wpforms-field-textarea\" data-field-id=\"5\"><label class=\"wpforms-field-label wpforms-label-hide\" for=\"wpforms-7722-field_5\" aria-hidden=\"false\">mensaje<\/label><textarea id=\"wpforms-7722-field_5\" class=\"wpforms-field-small\" name=\"wpforms[fields][5]\" placeholder=\"Introduzca aqu\u00ed su consulta o mensaje (obligatorio). Nuestro equipo de ventas se pondr\u00e1 en contacto con usted en breve por correo electr\u00f3nico o tel\u00e9fono.\" aria-errormessage=\"wpforms-7722-field_5-error\" ><\/textarea><\/div>\n<\/div>\n<p><!-- .wpforms-field-container --><\/p>\n<div class=\"wpforms-recaptcha-container wpforms-is-recaptcha wpforms-is-recaptcha-type-v2\" >\n<div class=\"g-recaptcha\" data-sitekey=\"6LdB80orAAAAAKY5uySmKh5n_GH1YOYotE48XZ8K\"><\/div>\n<p><input type=\"text\" name=\"g-recaptcha-hidden\" class=\"wpforms-recaptcha-hidden\" style=\"position:absolute!important;clip:rect(0,0,0,0)!important;height:1px!important;width:1px!important;border:0!important;overflow:hidden!important;padding:0!important;margin:0!important;\" data-rule-recaptcha=\"1\"><\/div>\n<div class=\"wpforms-submit-container\" ><input type=\"hidden\" name=\"wpforms[id]\" value=\"7722\"><input type=\"hidden\" name=\"page_title\" value=\"\"><input type=\"hidden\" name=\"page_url\" value=\"https:\/\/fychemgroup.com\/es_co\/wp-json\/wp\/v2\/product\/4928\"><input type=\"hidden\" name=\"url_referer\" value=\"\"><button type=\"submit\" name=\"wpforms[submit]\" id=\"wpforms-submit-7722\" class=\"wpforms-submit\" data-alt-text=\"Sending...\" data-submit-text=\"Send\" aria-live=\"assertive\" value=\"wpforms-submit\">Enviar<\/button><img decoding=\"async\" src=\"https:\/\/fychemgroup.com\/wp-content\/plugins\/wpforms\/assets\/images\/submit-spin.svg\" class=\"wpforms-submit-spinner\" style=\"display: none;\" width=\"26\" height=\"26\" alt=\"Cargando\"><\/div>\n<input type=\"hidden\" name=\"trp-form-language\" value=\"es_co\"\/><\/form>\n<\/div>\n<p>  <!-- .wpforms-container --><\/p>","protected":false},"featured_media":5906,"comment_status":"closed","ping_status":"closed","template":"","meta":{"_kad_post_transparent":"","_kad_post_title":"","_kad_post_layout":"","_kad_post_sidebar_id":"","_kad_post_content_style":"","_kad_post_vertical_padding":"","_kad_post_feature":"","_kad_post_feature_position":"","_kad_post_header":false,"_kad_post_footer":false,"_kad_post_classname":""},"product_brand":[],"product_cat":[15,36,38],"product_tag":[],"class_list":{"0":"post-4928","1":"product","2":"type-product","3":"status-publish","4":"has-post-thumbnail","6":"product_cat-fragrance-for-daily-chemicals","7":"product_cat-house-hold-cleaning","8":"product_cat-washing-powder-fragrance","10":"first","11":"outofstock","12":"shipping-taxable","13":"product-type-simple","14":"entry","15":"content-bg","16":"loop-entry"},"_links":{"self":[{"href":"https:\/\/fychemgroup.com\/es_co\/wp-json\/wp\/v2\/product\/4928","targetHints":{"allow":["GET"]}}],"collection":[{"href":"https:\/\/fychemgroup.com\/es_co\/wp-json\/wp\/v2\/product"}],"about":[{"href":"https:\/\/fychemgroup.com\/es_co\/wp-json\/wp\/v2\/types\/product"}],"replies":[{"embeddable":true,"href":"https:\/\/fychemgroup.com\/es_co\/wp-json\/wp\/v2\/comments?post=4928"}],"version-history":[{"count":0,"href":"https:\/\/fychemgroup.com\/es_co\/wp-json\/wp\/v2\/product\/4928\/revisions"}],"wp:featuredmedia":[{"embeddable":true,"href":"https:\/\/fychemgroup.com\/es_co\/wp-json\/wp\/v2\/media\/5906"}],"wp:attachment":[{"href":"https:\/\/fychemgroup.com\/es_co\/wp-json\/wp\/v2\/media?parent=4928"}],"wp:term":[{"taxonomy":"product_brand","embeddable":true,"href":"https:\/\/fychemgroup.com\/es_co\/wp-json\/wp\/v2\/product_brand?post=4928"},{"taxonomy":"product_cat","embeddable":true,"href":"https:\/\/fychemgroup.com\/es_co\/wp-json\/wp\/v2\/product_cat?post=4928"},{"taxonomy":"product_tag","embeddable":true,"href":"https:\/\/fychemgroup.com\/es_co\/wp-json\/wp\/v2\/product_tag?post=4928"}],"curies":[{"name":"wp","href":"https:\/\/api.w.org\/{rel}","templated":true}]}}