{"id":5072,"date":"2024-03-20T14:59:49","date_gmt":"2024-03-20T06:59:49","guid":{"rendered":"https:\/\/fychemgroup.com\/?post_type=product&#038;p=5072"},"modified":"2025-04-07T15:15:40","modified_gmt":"2025-04-07T07:15:40","slug":"bebidas-deportivas-sabor-pina","status":"publish","type":"product","link":"https:\/\/fychemgroup.com\/es_ar\/bebidas-deportivas-sabor-pina\/","title":{"rendered":"Bebidas deportivas con sabor a pi\u00f1a"},"content":{"rendered":"<p style=\"text-align: center;\">\ud83c\udf4d Sabor a pi\u00f1a para bebidas funcionales<br \/>\nSabor tropical refrescante - Rendimiento arom\u00e1tico estable<br \/>\nCreado para bebidas deportivas y estilos de vida activos<\/p>\n<p><img fetchpriority=\"high\" decoding=\"async\" class=\"size-large wp-image-8476 aligncenter\" src=\"https:\/\/fychemgroup.com\/wp-content\/uploads\/2024\/03\/Pineapple-Flavor-1024x1024.png\" alt=\"Sabor a pi\u00f1a\" width=\"1024\" height=\"1024\" srcset=\"https:\/\/fychemgroup.com\/wp-content\/uploads\/2024\/03\/Pineapple-Flavor-1024x1024.png 1024w, https:\/\/fychemgroup.com\/wp-content\/uploads\/2024\/03\/Pineapple-Flavor-300x300.png 300w, https:\/\/fychemgroup.com\/wp-content\/uploads\/2024\/03\/Pineapple-Flavor-150x150.png 150w, https:\/\/fychemgroup.com\/wp-content\/uploads\/2024\/03\/Pineapple-Flavor-768x768.png 768w, https:\/\/fychemgroup.com\/wp-content\/uploads\/2024\/03\/Pineapple-Flavor-800x800.png 800w, https:\/\/fychemgroup.com\/wp-content\/uploads\/2024\/03\/Pineapple-Flavor-700x700.png 700w, https:\/\/fychemgroup.com\/wp-content\/uploads\/2024\/03\/Pineapple-Flavor-100x100.png 100w, https:\/\/fychemgroup.com\/wp-content\/uploads\/2024\/03\/Pineapple-Flavor.png 1536w\" sizes=\"(max-width: 1024px) 100vw, 1024px\" \/><\/p>\n<hr \/>\n<p style=\"text-align: center;\">\ud83c\udf4d Acerca de este producto | Acerca del producto<\/p>\n<p style=\"text-align: center;\">Sabor a pi\u00f1a adaptado a las bebidas deportivas modernas, con aut\u00e9ntico sabor a pi\u00f1a, buena estabilidad y amplia compatibilidad con diversos sistemas de base.<\/p>\n<p style=\"text-align: center;\">Dise\u00f1ado para proporcionar un jugoso aroma tropical a pi\u00f1a en todo tipo de bebidas funcionales.<br \/>\n\u2713 Aroma afrutado muy vol\u00e1til, poco az\u00facar y poco picante.<br \/>\nCompatible con entornos \u00e1cidos y bases proteicas<br \/>\n\u2713 Sabor estable, a\u00fan conserva la fragancia despu\u00e9s de la esterilizaci\u00f3n por calor.<\/p>\n<p><img decoding=\"async\" class=\"size-large wp-image-8477 aligncenter\" src=\"https:\/\/fychemgroup.com\/wp-content\/uploads\/2024\/03\/Pineapple-Flavor-Sport-Beverages-1024x1024.png\" alt=\" Pi\u00f1a-Sabor-Sport-Beverages\" width=\"1024\" height=\"1024\" srcset=\"https:\/\/fychemgroup.com\/wp-content\/uploads\/2024\/03\/Pineapple-Flavor-Sport-Beverages-1024x1024.png 1024w, https:\/\/fychemgroup.com\/wp-content\/uploads\/2024\/03\/Pineapple-Flavor-Sport-Beverages-300x300.png 300w, https:\/\/fychemgroup.com\/wp-content\/uploads\/2024\/03\/Pineapple-Flavor-Sport-Beverages-150x150.png 150w, https:\/\/fychemgroup.com\/wp-content\/uploads\/2024\/03\/Pineapple-Flavor-Sport-Beverages-768x768.png 768w, https:\/\/fychemgroup.com\/wp-content\/uploads\/2024\/03\/Pineapple-Flavor-Sport-Beverages-800x800.png 800w, https:\/\/fychemgroup.com\/wp-content\/uploads\/2024\/03\/Pineapple-Flavor-Sport-Beverages-700x700.png 700w, https:\/\/fychemgroup.com\/wp-content\/uploads\/2024\/03\/Pineapple-Flavor-Sport-Beverages-100x100.png 100w, https:\/\/fychemgroup.com\/wp-content\/uploads\/2024\/03\/Pineapple-Flavor-Sport-Beverages.png 1536w\" sizes=\"(max-width: 1024px) 100vw, 1024px\" \/><\/p>\n<hr \/>\n<p style=\"text-align: center;\">\ud83c\udd9a \u00bfPor qu\u00e9 elegir saborizantes en lugar de extractos?<br \/>\n| Proyecto | Sabor a Pi\u00f1a | Extracto Natural |<br \/>\n|&#8212;&#8212;|&#8212;&#8212;&#8212;&#8211;|&#8212;&#8212;&#8212;&#8212;-|<br \/>\n| Control de costes | \u2705 Bajo | \u274c Alto y fluctuante |<br \/>\n| Consistencia del Sabor | \u2705 Estable | \u274c F\u00e1cil de Cambiar con las Estaciones |<br \/>\n| Aplicaci\u00f3n en pH bajo | \u2705 Excelente | \u274c F\u00e1cil cambio de sabor | \u274c F\u00e1cil cambio de sabor | \u274c F\u00e1cil cambio de sabor | \u274c F\u00e1cil cambio de sabor.<br \/>\n| Personalizable | \u2705 Ajustable | \u274c Limitado por materias primas | \u274c Limitado por materias primas | \u274c Limitado por materias primas.<br \/>\n| Integridad del Aroma | \u2705 Alto Grado de Reducci\u00f3n | \u274c P\u00e9rdida de Aroma | .<\/p>\n<p style=\"text-align: center;\">\ud83d\udfe1 El sabor a pi\u00f1a proporciona un aroma consistente y rentable en condiciones industriales.<\/p>\n<hr \/>\n<p style=\"text-align: center;\">\ud83c\udf4d Perfil arom\u00e1tico<\/p>\n<p style=\"text-align: center;\">Notas de cabeza: \u00c1cido de frutas tropicales - Acetato de etilo<\/p>\n<p style=\"text-align: center;\">Notas medias: Aroma dulce de pi\u00f1a madura - Carnosa<\/p>\n<p style=\"text-align: center;\">Notas de fondo: Notas vegetales verdes - Regusto ligeramente l\u00e1cteo<\/p>\n<p style=\"text-align: center;\">\ud83c\udf3f Verdadera simulaci\u00f3n del sabor fresco de la pi\u00f1a, desde la fragancia estallante en la entrada hasta el regusto refrescante, es agradable.<\/p>\n<hr \/>\n<p style=\"text-align: center;\">\ud83e\uddc3 Escenarios de aplicaci\u00f3n recomendados | Ideal para:<\/p>\n<p style=\"text-align: center;\">- Bebidas deportivas con electrolitos<br \/>\n- Bebidas espumosas funcionales<br \/>\n- Leche vegetal rica en prote\u00ednas<br \/>\n- Zumos compuestos de varias frutas<\/p>\n<p style=\"text-align: center;\">Compatible con las principales bases de bebidas. Estable a pH 3,0-5,0 y durante la pasteurizaci\u00f3n.<\/p>\n<hr \/>\n<p style=\"text-align: center;\">\ud83e\uddea Gu\u00eda del usuario | C\u00f3mo utilizarlo<\/p>\n<p style=\"text-align: center;\">\u2705 Dosis recomendada (por proporci\u00f3n total):<br \/>\n- Bebidas con electrolitos: 0,08-0,12%<br \/>\n- Bebidas prote\u00ednicas: 0,1-0,2%<br \/>\n- Bebidas funcionales: 0,15-0,25%<\/p>\n<p style=\"text-align: center;\">\u2705 M\u00e9todo de adici\u00f3n:<br \/>\n- Se recomienda a\u00f1adir despu\u00e9s del edulcorante\/\u00e1cido para facilitar la dispersi\u00f3n<br \/>\n- Compatible con sistemas de alta temperatura (\u226495\u00b0C) y de mezcla en fr\u00edo.<br \/>\n- Puede utilizarse en sistemas transparentes\/turbios sin precipitaciones ni turbidez<\/p>\n<p style=\"text-align: center;\">\ud83d\udce6 Disponible en versiones hidrosoluble, oleosoluble, en polvo y otras.<\/p>\n<hr \/>\n<p style=\"text-align: center;\">\ud83d\udee1\ufe0f Fiabilidad del producto<\/p>\n<p style=\"text-align: center;\">- \u2705 Estable al calor (puede soportar la pasteurizaci\u00f3n)<br \/>\n- \u2705 Estable en sistema \u00e1cido (pH 3,0-5,0)<br \/>\n- \u2705 La consistencia del aroma se controla por lotes GC-MS<br \/>\n- \u2705 Caducidad de 12 meses, puede conservarse a temperatura ambiente.<br \/>\n- \u2705 Cumple la IFRA, la GB 2760 y la normativa alimentaria de la UE.<\/p>\n<p><img decoding=\"async\" class=\"size-large wp-image-8472\" src=\"https:\/\/fychemgroup.com\/wp-content\/uploads\/2024\/03\/laboratory-1024x768.jpg\" alt=\"laboratorio\" width=\"1024\" height=\"768\" srcset=\"https:\/\/fychemgroup.com\/wp-content\/uploads\/2024\/03\/laboratory-1024x768.jpg 1024w, https:\/\/fychemgroup.com\/wp-content\/uploads\/2024\/03\/laboratory-300x225.jpg 300w, https:\/\/fychemgroup.com\/wp-content\/uploads\/2024\/03\/laboratory-768x576.jpg 768w, https:\/\/fychemgroup.com\/wp-content\/uploads\/2024\/03\/laboratory-1536x1152.jpg 1536w, https:\/\/fychemgroup.com\/wp-content\/uploads\/2024\/03\/laboratory-2048x1536.jpg 2048w, https:\/\/fychemgroup.com\/wp-content\/uploads\/2024\/03\/laboratory-700x525.jpg 700w\" sizes=\"(max-width: 1024px) 100vw, 1024px\" \/><\/p>\n<hr \/>\n<p style=\"text-align: center;\">\ud83d\udce6 Servicio exclusivo de personalizaci\u00f3n de sabores | Personalizaci\u00f3n de sabores<\/p>\n<p style=\"text-align: center;\">Proporcionamos a las marcas de bebidas<br \/>\n- Servicio exclusivo de desarrollo de sabores<br \/>\n- Asistencia OEM\/ODM<br \/>\n- Combinaci\u00f3n de aromas con los productos existentes en el mercado<\/p>\n<hr \/>\n<p style=\"text-align: center;\"><strong>1. Sobre el precio<\/strong><br \/>\nTenemos varios modelos diferentes para cada sabor. La mayor\u00eda de nuestros precios de sabor o fragancia son alrededor de $7-$120 por kg.<\/p>\n<p style=\"text-align: center;\"><strong>2. Acerca del sabor<\/strong><br \/>\nPara la mayor\u00eda de los sabores, tenemos varios modelos, amora ser\u00e1 diferente.<br \/>\nPor lo general, utilice la muestra para determinar qu\u00e9 modelo de sabor desea.<\/p>\n<p style=\"text-align: center;\"><strong>3. Acerca de la muestra<\/strong><br \/>\nSi necesita muestras, p\u00f3ngase en contacto con nosotros y le recomendaremos el modelo de sabor m\u00e1s adecuado a su producto.<\/p>\n<p style=\"text-align: center;\"><strong>4. Acerca del env\u00edo<\/strong><br \/>\nLos gastos de env\u00edo se calculan en funci\u00f3n del precio del env\u00edo en ese momento.<\/p>\n<p style=\"text-align: center;\"><strong>5. \u00bfQu\u00e9 plazos de entrega podemos ofrecer?<\/strong><br \/>\nCondiciones de entrega aceptadas: FOB, CIF, EXW, FCA, DDP;<\/p>\n<p style=\"text-align: center;\"><strong>6. \u00bfQu\u00e9 condiciones de pago podemos aceptar?<\/strong><br \/>\nDivisa de pago aceptada: USD, CNY;<br \/>\nTipo de pago aceptado: Transferencia bancaria, MoneyGram, PayPal, Western Union;<\/p>","protected":false},"excerpt":{"rendered":"<p>\ud83c\udf4d Sabor a pi\u00f1a para bebidas funcionales<br \/>\nViento tropical refrescante - Rendimiento arom\u00e1tico estable<br \/>\nCreado para bebidas deportivas y estilos de vida activos<\/p>\n<p>Forma: l\u00edquido\/polvo<br \/>\nCaducidad: 2\/3 a\u00f1os<br \/>\nGrado: Sabor Food Garde<br \/>\nUtilizado: Aditivo aromatizante<br \/>\nCertificaci\u00f3n: IS53S HACCP HALAL Ect<\/p>\n<style id=\"wpforms-css-vars-7722\">\n\t\t\t\t#wpforms-7722 {<\/p>\n<p>\t\t\t}\n\t\t\t<\/style>\n<div class=\"wpforms-container wpforms-container-full wpforms-render-modern\" id=\"wpforms-7722\">\n<form id=\"wpforms-form-7722\" class=\"wpforms-validate wpforms-form wpforms-ajax-form\" data-formid=\"7722\" method=\"post\" enctype=\"multipart\/form-data\" action=\"\/es_ar\/wp-json\/wp\/v2\/product\/5072\" data-token=\"15fb9bbedbf115e2de9edd5338b3728b\" data-token-time=\"1776961134\" data-trp-original-action=\"\/es_ar\/wp-json\/wp\/v2\/product\/5072\"><noscript class=\"wpforms-error-noscript\">Active JavaScript en su navegador para rellenar este formulario.<\/noscript><\/p>\n<div id=\"wpforms-error-noscript\" style=\"display: none;\">Active JavaScript en su navegador para rellenar este formulario.<\/div>\n<div class=\"wpforms-field-container\">\n<div id=\"wpforms-7722-field_2-container\" class=\"wpforms-field wpforms-field-text wpforms-one-half wpforms-first\" data-field-id=\"2\"><label class=\"wpforms-field-label wpforms-label-hide\" for=\"wpforms-7722-field_2\" aria-hidden=\"false\">nombre <span class=\"wpforms-required-label\" aria-hidden=\"true\">*<\/span><\/label><input type=\"text\" id=\"wpforms-7722-field_2\" class=\"wpforms-field-large wpforms-field-required\" name=\"wpforms[fields][2]\" placeholder=\"Su nombre completo (obligatorio)\" aria-errormessage=\"wpforms-7722-field_2-error\" required><\/div>\n<div id=\"wpforms-7722-field_6-container\" class=\"wpforms-field wpforms-field-text wpforms-one-half\" data-field-id=\"6\"><label class=\"wpforms-field-label wpforms-label-hide\" for=\"wpforms-7722-field_6\" aria-hidden=\"false\">Tel\u00e9fono\/Whatsapp<\/label><input type=\"text\" id=\"wpforms-7722-field_6\" class=\"wpforms-field-large\" name=\"wpforms[fields][6]\" placeholder=\"Tu tel\u00e9fono o Whatsapp\" aria-errormessage=\"wpforms-7722-field_6-error\" ><\/div>\n<div id=\"wpforms-7722-field_4-container\" class=\"wpforms-field wpforms-field-email\" data-field-id=\"4\"><label class=\"wpforms-field-label wpforms-label-hide\" for=\"wpforms-7722-field_4\" aria-hidden=\"false\">Correo electr\u00f3nico <span class=\"wpforms-required-label\" aria-hidden=\"true\">*<\/span><\/label><input type=\"email\" id=\"wpforms-7722-field_4\" class=\"wpforms-field-large wpforms-field-required\" name=\"wpforms[fields][4]\" placeholder=\"Su direcci\u00f3n de correo electr\u00f3nico (obligatorio)\" spellcheck=\"false\" aria-errormessage=\"wpforms-7722-field_4-error\" required><\/div>\n<div id=\"wpforms-7722-field_5-container\" class=\"wpforms-field wpforms-field-textarea\" data-field-id=\"5\"><label class=\"wpforms-field-label wpforms-label-hide\" for=\"wpforms-7722-field_5\" aria-hidden=\"false\">mensaje<\/label><textarea id=\"wpforms-7722-field_5\" class=\"wpforms-field-small\" name=\"wpforms[fields][5]\" placeholder=\"Introduzca aqu\u00ed su consulta o mensaje (obligatorio). Nuestro equipo de ventas se pondr\u00e1 en contacto con usted en breve por correo electr\u00f3nico o tel\u00e9fono.\" aria-errormessage=\"wpforms-7722-field_5-error\" ><\/textarea><\/div>\n<\/div>\n<p><!-- .wpforms-field-container --><\/p>\n<div class=\"wpforms-recaptcha-container wpforms-is-recaptcha wpforms-is-recaptcha-type-v2\" >\n<div class=\"g-recaptcha\" data-sitekey=\"6LdB80orAAAAAKY5uySmKh5n_GH1YOYotE48XZ8K\"><\/div>\n<p><input type=\"text\" name=\"g-recaptcha-hidden\" class=\"wpforms-recaptcha-hidden\" style=\"position:absolute!important;clip:rect(0,0,0,0)!important;height:1px!important;width:1px!important;border:0!important;overflow:hidden!important;padding:0!important;margin:0!important;\" data-rule-recaptcha=\"1\"><\/div>\n<div class=\"wpforms-submit-container\" ><input type=\"hidden\" name=\"wpforms[id]\" value=\"7722\"><input type=\"hidden\" name=\"page_title\" value=\"\"><input type=\"hidden\" name=\"page_url\" value=\"https:\/\/fychemgroup.com\/es_ar\/wp-json\/wp\/v2\/product\/5072\"><input type=\"hidden\" name=\"url_referer\" value=\"\"><button type=\"submit\" name=\"wpforms[submit]\" id=\"wpforms-submit-7722\" class=\"wpforms-submit\" data-alt-text=\"Sending...\" data-submit-text=\"Send\" aria-live=\"assertive\" value=\"wpforms-submit\">Enviar<\/button><img loading=\"lazy\" decoding=\"async\" src=\"https:\/\/fychemgroup.com\/wp-content\/plugins\/wpforms\/assets\/images\/submit-spin.svg\" class=\"wpforms-submit-spinner\" style=\"display: none;\" width=\"26\" height=\"26\" alt=\"Cargando\"><\/div>\n<input type=\"hidden\" name=\"trp-form-language\" value=\"es_ar\"\/><\/form>\n<\/div>\n<p>  <!-- .wpforms-container --><\/p>","protected":false},"featured_media":5970,"comment_status":"closed","ping_status":"closed","template":"","meta":{"_kad_post_transparent":"default","_kad_post_title":"","_kad_post_layout":"default","_kad_post_sidebar_id":"","_kad_post_content_style":"default","_kad_post_vertical_padding":"default","_kad_post_feature":"","_kad_post_feature_position":"","_kad_post_header":false,"_kad_post_footer":false,"_kad_post_classname":""},"product_brand":[],"product_cat":[35,60],"product_tag":[],"class_list":{"0":"post-5072","1":"product","2":"type-product","3":"status-publish","4":"has-post-thumbnail","6":"product_cat-flavor-for-food-beverage","7":"product_cat-flavor-for-sports-beverage","9":"first","10":"outofstock","11":"shipping-taxable","12":"product-type-simple","13":"entry","14":"content-bg","15":"loop-entry"},"_links":{"self":[{"href":"https:\/\/fychemgroup.com\/es_ar\/wp-json\/wp\/v2\/product\/5072","targetHints":{"allow":["GET"]}}],"collection":[{"href":"https:\/\/fychemgroup.com\/es_ar\/wp-json\/wp\/v2\/product"}],"about":[{"href":"https:\/\/fychemgroup.com\/es_ar\/wp-json\/wp\/v2\/types\/product"}],"replies":[{"embeddable":true,"href":"https:\/\/fychemgroup.com\/es_ar\/wp-json\/wp\/v2\/comments?post=5072"}],"version-history":[{"count":3,"href":"https:\/\/fychemgroup.com\/es_ar\/wp-json\/wp\/v2\/product\/5072\/revisions"}],"predecessor-version":[{"id":8483,"href":"https:\/\/fychemgroup.com\/es_ar\/wp-json\/wp\/v2\/product\/5072\/revisions\/8483"}],"wp:featuredmedia":[{"embeddable":true,"href":"https:\/\/fychemgroup.com\/es_ar\/wp-json\/wp\/v2\/media\/5970"}],"wp:attachment":[{"href":"https:\/\/fychemgroup.com\/es_ar\/wp-json\/wp\/v2\/media?parent=5072"}],"wp:term":[{"taxonomy":"product_brand","embeddable":true,"href":"https:\/\/fychemgroup.com\/es_ar\/wp-json\/wp\/v2\/product_brand?post=5072"},{"taxonomy":"product_cat","embeddable":true,"href":"https:\/\/fychemgroup.com\/es_ar\/wp-json\/wp\/v2\/product_cat?post=5072"},{"taxonomy":"product_tag","embeddable":true,"href":"https:\/\/fychemgroup.com\/es_ar\/wp-json\/wp\/v2\/product_tag?post=5072"}],"curies":[{"name":"wp","href":"https:\/\/api.w.org\/{rel}","templated":true}]}}